{"id":908,"date":"2024-02-06T12:44:05","date_gmt":"2024-02-06T12:44:05","guid":{"rendered":"https:\/\/dab.solutions\/?page_id=908"},"modified":"2024-04-02T15:17:55","modified_gmt":"2024-04-02T15:17:55","slug":"blog","status":"publish","type":"page","link":"https:\/\/dab.solutions\/es\/blog\/","title":{"rendered":"BLOG"},"content":{"rendered":"<div class=\"section-wrapper\" data-id=\"xNAxIu\"><section class=\"wp-block-gutenverse-section guten-element guten-section guten-xNAxIu layout-fullwidth align-stretch\"><div class=\"guten-background-overlay\"><\/div><div class=\"guten-shape-divider guten-shape-divider-top\"><\/div><div class=\"guten-shape-divider guten-shape-divider-bottom\"><\/div><div class=\"guten-container guten-column-gap-default\">\n<div class=\"wp-block-gutenverse-column guten-element guten-column guten-tnkwSt animated guten-element-hide desktop-fadeInDown\"><div class=\"guten-background-overlay\"><\/div><div class=\"sticky-wrapper\" data-id=\"tnkwSt\"><div class=\"guten-column-wrapper\">\n<div class=\"guten-element guten-zBy7wB guten-icon-box icon-position-undefined\"><div class=\"guten-icon-box-wrapper hover-from-left\"><div class=\"icon-box icon-box-header\"><div class=\"icon style-color\"><i class=\"fab fa-blogger\"><\/i><\/div><\/div><div class=\"icon-box icon-box-body\"><h2 class=\"title\">Blog<\/h2><p class=\"icon-box-description\">Conozca todas nuestras novedades y aprenda de nuestros conocimientos.<\/p><\/div><\/div><\/div>\n<\/div><\/div><\/div>\n<\/div><\/section><\/div>\n\n\n<ul style=\"padding-right:var(--wp--preset--spacing--80);padding-left:var(--wp--preset--spacing--80);padding-top:var(--wp--preset--spacing--70);padding-bottom:var(--wp--preset--spacing--70);margin-right:var(--wp--preset--spacing--70);margin-left:var(--wp--preset--spacing--70);\" class=\"wp-block-latest-posts__list is-grid columns-3 has-dates aligncenter wp-block-latest-posts\"><li><div class=\"wp-block-latest-posts__featured-image aligncenter\"><img decoding=\"async\" width=\"300\" height=\"168\" src=\"https:\/\/dab.solutions\/wp-content\/uploads\/2025\/01\/iStock-1154576171-300x168.jpg\" class=\"attachment-medium size-medium wp-post-image\" alt=\"Computer laptop on wooden desk with wireless and application programming and social media icons. Internet networking and wireless technology\" style=\"\" srcset=\"https:\/\/dab.solutions\/wp-content\/uploads\/2025\/01\/iStock-1154576171-300x168.jpg 300w, https:\/\/dab.solutions\/wp-content\/uploads\/2025\/01\/iStock-1154576171-768x430.jpg 768w, https:\/\/dab.solutions\/wp-content\/uploads\/2025\/01\/iStock-1154576171-18x10.jpg 18w, https:\/\/dab.solutions\/wp-content\/uploads\/2025\/01\/iStock-1154576171-500x280.jpg 500w, https:\/\/dab.solutions\/wp-content\/uploads\/2025\/01\/iStock-1154576171.jpg 800w\" sizes=\"(max-width: 300px) 100vw, 300px\" \/><\/div><a class=\"wp-block-latest-posts__post-title\" href=\"https:\/\/dab.solutions\/es\/uncategorized\/ai-challenges-for-cisos-innovation-security-privacy\/\">Desaf\u00edos de la IA para los CISOs: Equilibrando Innovaci\u00f3n, Seguridad y Privacidad<\/a><time datetime=\"2025-01-03T10:25:29+00:00\" class=\"wp-block-latest-posts__post-date\">enero 3, 2025<\/time><div class=\"wp-block-latest-posts__post-excerpt\">Artificial Intelligence (AI) is reshaping industries, offering incredible opportunities for automation and innovation. While much of the focus is on how AI can improve cybersecurity, the challenges it presents\u2014particularly when adopted across various departments\u2014often go overlooked. From mitigating risks of data exposure and intellectual property leaks to balancing privacy with productivity, CISOs face a complex landscape. This article explores how CISOs can address these challenges, offering practical strategies like leveraging synthetic data, managing AI vendors, and ensuring employee awareness, all while fostering secure innovation in an AI-driven world.<\/div><\/li>\n<li><div class=\"wp-block-latest-posts__featured-image aligncenter\"><img decoding=\"async\" width=\"300\" height=\"200\" src=\"https:\/\/dab.solutions\/wp-content\/uploads\/2024\/02\/Post-4-300x200.jpg\" class=\"attachment-medium size-medium wp-post-image\" alt=\"Contact us image\" style=\"\" srcset=\"https:\/\/dab.solutions\/wp-content\/uploads\/2024\/02\/Post-4-300x200.jpg 300w, https:\/\/dab.solutions\/wp-content\/uploads\/2024\/02\/Post-4-1024x683.jpg 1024w, https:\/\/dab.solutions\/wp-content\/uploads\/2024\/02\/Post-4-768x512.jpg 768w, https:\/\/dab.solutions\/wp-content\/uploads\/2024\/02\/Post-4-18x12.jpg 18w, https:\/\/dab.solutions\/wp-content\/uploads\/2024\/02\/Post-4-500x333.jpg 500w, https:\/\/dab.solutions\/wp-content\/uploads\/2024\/02\/Post-4-800x533.jpg 800w, https:\/\/dab.solutions\/wp-content\/uploads\/2024\/02\/Post-4.jpg 1200w\" sizes=\"(max-width: 300px) 100vw, 300px\" \/><\/div><a class=\"wp-block-latest-posts__post-title\" href=\"https:\/\/dab.solutions\/es\/uncategorized\/navigating-the-digital-divide-understanding-the-nuances-between-it-and-ot-security\/\">Navegar por la brecha digital: Comprender los matices entre la seguridad inform\u00e1tica y la seguridad operativa<\/a><time datetime=\"2024-02-05T18:40:04+00:00\" class=\"wp-block-latest-posts__post-date\">febrero 5, 2024<\/time><div class=\"wp-block-latest-posts__post-excerpt\">En el mundo interconectado de hoy en d\u00eda, los \u00e1mbitos de la tecnolog\u00eda de la informaci\u00f3n (TI) y la tecnolog\u00eda operativa (TO) desempe\u00f1an papeles fundamentales en la configuraci\u00f3n del panorama de las empresas modernas. Aunque ambas son componentes esenciales, sus panoramas de seguridad difieren significativamente. En esta entrada del blog, exploraremos los matices entre la seguridad de las TI y las OT, arrojando luz sobre<\/div><\/li>\n<li><div class=\"wp-block-latest-posts__featured-image aligncenter\"><img decoding=\"async\" width=\"300\" height=\"154\" src=\"https:\/\/dab.solutions\/wp-content\/uploads\/2023\/02\/dhis2elastic-300x154.png\" class=\"attachment-medium size-medium wp-post-image\" alt=\"\" style=\"\" srcset=\"https:\/\/dab.solutions\/wp-content\/uploads\/2023\/02\/dhis2elastic-300x154.png 300w, https:\/\/dab.solutions\/wp-content\/uploads\/2023\/02\/dhis2elastic-768x395.png 768w, https:\/\/dab.solutions\/wp-content\/uploads\/2023\/02\/dhis2elastic-18x9.png 18w, https:\/\/dab.solutions\/wp-content\/uploads\/2023\/02\/dhis2elastic-500x257.png 500w, https:\/\/dab.solutions\/wp-content\/uploads\/2023\/02\/dhis2elastic.png 789w\" sizes=\"(max-width: 300px) 100vw, 300px\" \/><\/div><a class=\"wp-block-latest-posts__post-title\" href=\"https:\/\/dab.solutions\/es\/uncategorized\/dhis2-siem-automation\/\">Automatizaci\u00f3n SIEM DHIS2<\/a><time datetime=\"2023-02-22T10:21:00+00:00\" class=\"wp-block-latest-posts__post-date\">febrero 22, 2023<\/time><div class=\"wp-block-latest-posts__post-excerpt\">One of the aspects of a mature security posture is how prepared the organization is to detect and response to cyber threats: due to a combination of factors that make cyber attacks easier to carry on and therefore more common, build the system to detect promptly such attacks and respond<\/div><\/li>\n<li><div class=\"wp-block-latest-posts__featured-image aligncenter\"><img decoding=\"async\" width=\"300\" height=\"200\" src=\"https:\/\/dab.solutions\/wp-content\/uploads\/2023\/02\/Diseno-sin-titulo-3-300x200.jpg\" class=\"attachment-medium size-medium wp-post-image\" alt=\"Data analytics center\" style=\"\" srcset=\"https:\/\/dab.solutions\/wp-content\/uploads\/2023\/02\/Diseno-sin-titulo-3-300x200.jpg 300w, https:\/\/dab.solutions\/wp-content\/uploads\/2023\/02\/Diseno-sin-titulo-3-1024x683.jpg 1024w, https:\/\/dab.solutions\/wp-content\/uploads\/2023\/02\/Diseno-sin-titulo-3-768x512.jpg 768w, https:\/\/dab.solutions\/wp-content\/uploads\/2023\/02\/Diseno-sin-titulo-3-18x12.jpg 18w, https:\/\/dab.solutions\/wp-content\/uploads\/2023\/02\/Diseno-sin-titulo-3-500x333.jpg 500w, https:\/\/dab.solutions\/wp-content\/uploads\/2023\/02\/Diseno-sin-titulo-3-800x533.jpg 800w, https:\/\/dab.solutions\/wp-content\/uploads\/2023\/02\/Diseno-sin-titulo-3.jpg 1200w\" sizes=\"(max-width: 300px) 100vw, 300px\" \/><\/div><a class=\"wp-block-latest-posts__post-title\" href=\"https:\/\/dab.solutions\/es\/uncategorized\/how-to-upgrade-from-dhis2-tools-ng-to-dhis2-tools-dab\/\">C\u00f3mo actualizar de dhis2-tools-ng a dhis2-tools-dab<\/a><time datetime=\"2023-02-17T22:28:00+00:00\" class=\"wp-block-latest-posts__post-date\">febrero 17, 2023<\/time><div class=\"wp-block-latest-posts__post-excerpt\">Ya hemos presentado dhis2-tools-dab al mundo, pero muchos de vosotros os preguntar\u00e9is: \u00bfc\u00f3mo puedo actualizar el actual dhis2-tools-ng al nuevo sistema de gesti\u00f3n? Este art\u00edculo explica c\u00f3mo puede actualizar sin problemas su configuraci\u00f3n de dhis-tools para utilizar las nuevas funciones que ofrece el nuevo conjunto de herramientas.<\/div><\/li>\n<li><div class=\"wp-block-latest-posts__featured-image aligncenter\"><img decoding=\"async\" width=\"300\" height=\"125\" src=\"https:\/\/dab.solutions\/wp-content\/uploads\/2023\/02\/repo-300x125.webp\" class=\"attachment-medium size-medium wp-post-image\" alt=\"Dhis2 tools dab image\" style=\"\" srcset=\"https:\/\/dab.solutions\/wp-content\/uploads\/2023\/02\/repo-300x125.webp 300w, https:\/\/dab.solutions\/wp-content\/uploads\/2023\/02\/repo-1024x425.webp 1024w, https:\/\/dab.solutions\/wp-content\/uploads\/2023\/02\/repo-768x319.webp 768w, https:\/\/dab.solutions\/wp-content\/uploads\/2023\/02\/repo-1536x638.webp 1536w, https:\/\/dab.solutions\/wp-content\/uploads\/2023\/02\/repo-18x7.webp 18w, https:\/\/dab.solutions\/wp-content\/uploads\/2023\/02\/repo-500x208.webp 500w, https:\/\/dab.solutions\/wp-content\/uploads\/2023\/02\/repo-800x332.webp 800w, https:\/\/dab.solutions\/wp-content\/uploads\/2023\/02\/repo-1280x532.webp 1280w, https:\/\/dab.solutions\/wp-content\/uploads\/2023\/02\/repo-1920x797.webp 1920w, https:\/\/dab.solutions\/wp-content\/uploads\/2023\/02\/repo.webp 1936w\" sizes=\"(max-width: 300px) 100vw, 300px\" \/><\/div><a class=\"wp-block-latest-posts__post-title\" href=\"https:\/\/dab.solutions\/es\/uncategorized\/presenting-dhis2-tools-dab-an-improved-dhis2-infrastructure-management-platform\/\">Presentaci\u00f3n de dhis2-tools-dab: una plataforma mejorada de gesti\u00f3n de infraestructuras DHIS2<\/a><time datetime=\"2023-02-14T16:36:00+00:00\" class=\"wp-block-latest-posts__post-date\">febrero 14, 2023<\/time><div class=\"wp-block-latest-posts__post-excerpt\">With the more demanding need of reliability of critical infrastructures, security is a even more important aspect to take into account.The DHIS2 community has benefited years with the support of the DHIS2 team thanks to their official guidelines, tutorials, academy and discussion groups.<\/div><\/li>\n<\/ul>\n\n\n<div class=\"wp-block-cover\"><span aria-hidden=\"true\" class=\"wp-block-cover__background has-background-dim\"><\/span><img decoding=\"async\" width=\"2000\" height=\"774\" class=\"wp-block-cover__image-background wp-image-865\" alt=\"\" src=\"https:\/\/dab.solutions\/wp-content\/uploads\/2024\/02\/iStock-1368237800-1.jpg\" data-object-fit=\"cover\" srcset=\"https:\/\/dab.solutions\/wp-content\/uploads\/2024\/02\/iStock-1368237800-1.jpg 2000w, https:\/\/dab.solutions\/wp-content\/uploads\/2024\/02\/iStock-1368237800-1-300x116.jpg 300w, https:\/\/dab.solutions\/wp-content\/uploads\/2024\/02\/iStock-1368237800-1-1024x396.jpg 1024w, https:\/\/dab.solutions\/wp-content\/uploads\/2024\/02\/iStock-1368237800-1-768x297.jpg 768w, https:\/\/dab.solutions\/wp-content\/uploads\/2024\/02\/iStock-1368237800-1-1536x594.jpg 1536w, https:\/\/dab.solutions\/wp-content\/uploads\/2024\/02\/iStock-1368237800-1-18x7.jpg 18w, https:\/\/dab.solutions\/wp-content\/uploads\/2024\/02\/iStock-1368237800-1-500x194.jpg 500w, https:\/\/dab.solutions\/wp-content\/uploads\/2024\/02\/iStock-1368237800-1-800x310.jpg 800w, https:\/\/dab.solutions\/wp-content\/uploads\/2024\/02\/iStock-1368237800-1-1280x495.jpg 1280w, https:\/\/dab.solutions\/wp-content\/uploads\/2024\/02\/iStock-1368237800-1-1920x743.jpg 1920w\" sizes=\"(max-width: 2000px) 100vw, 2000px\" \/><div class=\"wp-block-cover__inner-container is-layout-constrained wp-block-cover-is-layout-constrained\">\n<p class=\"has-text-align-center has-extra-large-font-size\">\u00bfEst\u00e1 preparado para trabajar con nosotros?<\/p>\n\n\n\n<div class=\"guten-element guten-button-wrapper guten-JRO7n6\"><a class=\"guten-button guten-button-sm\" href=\"https:\/\/dab.solutions\/es\/contact-us\/\"><span>Cont\u00e1ctenos<\/span><\/a><\/div>\n<\/div><\/div>","protected":false},"excerpt":{"rendered":"","protected":false},"author":2,"featured_media":0,"parent":0,"menu_order":0,"comment_status":"closed","ping_status":"closed","template":"","meta":{"_eb_attr":"","footnotes":""},"class_list":["post-908","page","type-page","status-publish","hentry"],"yoast_head":"<!-- This site is optimized with the Yoast SEO plugin v27.4 - https:\/\/yoast.com\/product\/yoast-seo-wordpress\/ -->\n<title>Blog<\/title>\n<meta name=\"description\" content=\"Get to know all our latest news and learn from our knowledge to improve the cybersecurity of your website thanks to our experience.\" \/>\n<meta name=\"robots\" content=\"index, follow, max-snippet:-1, max-image-preview:large, max-video-preview:-1\" \/>\n<link rel=\"canonical\" href=\"https:\/\/dab.solutions\/es\/blog\/\" \/>\n<meta property=\"og:locale\" content=\"es_ES\" \/>\n<meta property=\"og:type\" content=\"article\" \/>\n<meta property=\"og:title\" content=\"Blog\" \/>\n<meta property=\"og:description\" content=\"Get to know all our latest news and learn from our knowledge to improve the cybersecurity of your website thanks to our experience.\" \/>\n<meta property=\"og:url\" content=\"https:\/\/dab.solutions\/es\/blog\/\" \/>\n<meta property=\"og:site_name\" content=\"Dab Tech Solutions Consulting\" \/>\n<meta property=\"article:modified_time\" content=\"2024-04-02T15:17:55+00:00\" \/>\n<meta name=\"twitter:card\" content=\"summary_large_image\" \/>\n<meta name=\"twitter:label1\" content=\"Tiempo de lectura\" \/>\n\t<meta name=\"twitter:data1\" content=\"1 minuto\" \/>\n<script type=\"application\/ld+json\" class=\"yoast-schema-graph\">{\"@context\":\"https:\\\/\\\/schema.org\",\"@graph\":[{\"@type\":\"WebPage\",\"@id\":\"https:\\\/\\\/dab.solutions\\\/blog\\\/\",\"url\":\"https:\\\/\\\/dab.solutions\\\/blog\\\/\",\"name\":\"Blog\",\"isPartOf\":{\"@id\":\"https:\\\/\\\/dab.solutions\\\/#website\"},\"datePublished\":\"2024-02-06T12:44:05+00:00\",\"dateModified\":\"2024-04-02T15:17:55+00:00\",\"description\":\"Get to know all our latest news and learn from our knowledge to improve the cybersecurity of your website thanks to our experience.\",\"inLanguage\":\"es\",\"potentialAction\":[{\"@type\":\"ReadAction\",\"target\":[\"https:\\\/\\\/dab.solutions\\\/blog\\\/\"]}]},{\"@type\":\"WebSite\",\"@id\":\"https:\\\/\\\/dab.solutions\\\/#website\",\"url\":\"https:\\\/\\\/dab.solutions\\\/\",\"name\":\"Dab Tech Solutions Consulting\",\"description\":\"Dab Tech Solutions Consulting\",\"publisher\":{\"@id\":\"https:\\\/\\\/dab.solutions\\\/#organization\"},\"potentialAction\":[{\"@type\":\"SearchAction\",\"target\":{\"@type\":\"EntryPoint\",\"urlTemplate\":\"https:\\\/\\\/dab.solutions\\\/?s={search_term_string}\"},\"query-input\":{\"@type\":\"PropertyValueSpecification\",\"valueRequired\":true,\"valueName\":\"search_term_string\"}}],\"inLanguage\":\"es\"},{\"@type\":\"Organization\",\"@id\":\"https:\\\/\\\/dab.solutions\\\/#organization\",\"name\":\"Dab Tech Solutions S.L.\",\"url\":\"https:\\\/\\\/dab.solutions\\\/\",\"logo\":{\"@type\":\"ImageObject\",\"inLanguage\":\"es\",\"@id\":\"https:\\\/\\\/dab.solutions\\\/#\\\/schema\\\/logo\\\/image\\\/\",\"url\":\"https:\\\/\\\/dab.solutions\\\/wp-content\\\/uploads\\\/2023\\\/12\\\/logosolo.png\",\"contentUrl\":\"https:\\\/\\\/dab.solutions\\\/wp-content\\\/uploads\\\/2023\\\/12\\\/logosolo.png\",\"width\":698,\"height\":654,\"caption\":\"Dab Tech Solutions S.L.\"},\"image\":{\"@id\":\"https:\\\/\\\/dab.solutions\\\/#\\\/schema\\\/logo\\\/image\\\/\"}}]}<\/script>\n<!-- \/ Yoast SEO plugin. -->","yoast_head_json":{"title":"Blog","description":"Get to know all our latest news and learn from our knowledge to improve the cybersecurity of your website thanks to our experience.","robots":{"index":"index","follow":"follow","max-snippet":"max-snippet:-1","max-image-preview":"max-image-preview:large","max-video-preview":"max-video-preview:-1"},"canonical":"https:\/\/dab.solutions\/es\/blog\/","og_locale":"es_ES","og_type":"article","og_title":"Blog","og_description":"Get to know all our latest news and learn from our knowledge to improve the cybersecurity of your website thanks to our experience.","og_url":"https:\/\/dab.solutions\/es\/blog\/","og_site_name":"Dab Tech Solutions Consulting","article_modified_time":"2024-04-02T15:17:55+00:00","twitter_card":"summary_large_image","twitter_misc":{"Tiempo de lectura":"1 minuto"},"schema":{"@context":"https:\/\/schema.org","@graph":[{"@type":"WebPage","@id":"https:\/\/dab.solutions\/blog\/","url":"https:\/\/dab.solutions\/blog\/","name":"Blog","isPartOf":{"@id":"https:\/\/dab.solutions\/#website"},"datePublished":"2024-02-06T12:44:05+00:00","dateModified":"2024-04-02T15:17:55+00:00","description":"Get to know all our latest news and learn from our knowledge to improve the cybersecurity of your website thanks to our experience.","inLanguage":"es","potentialAction":[{"@type":"ReadAction","target":["https:\/\/dab.solutions\/blog\/"]}]},{"@type":"WebSite","@id":"https:\/\/dab.solutions\/#website","url":"https:\/\/dab.solutions\/","name":"Dab Tech Solutions Consulting","description":"Dab Tech Solutions Consulting","publisher":{"@id":"https:\/\/dab.solutions\/#organization"},"potentialAction":[{"@type":"SearchAction","target":{"@type":"EntryPoint","urlTemplate":"https:\/\/dab.solutions\/?s={search_term_string}"},"query-input":{"@type":"PropertyValueSpecification","valueRequired":true,"valueName":"search_term_string"}}],"inLanguage":"es"},{"@type":"Organization","@id":"https:\/\/dab.solutions\/#organization","name":"Dab Tech Solutions S.L.","url":"https:\/\/dab.solutions\/","logo":{"@type":"ImageObject","inLanguage":"es","@id":"https:\/\/dab.solutions\/#\/schema\/logo\/image\/","url":"https:\/\/dab.solutions\/wp-content\/uploads\/2023\/12\/logosolo.png","contentUrl":"https:\/\/dab.solutions\/wp-content\/uploads\/2023\/12\/logosolo.png","width":698,"height":654,"caption":"Dab Tech Solutions S.L."},"image":{"@id":"https:\/\/dab.solutions\/#\/schema\/logo\/image\/"}}]}},"_links":{"self":[{"href":"https:\/\/dab.solutions\/es\/wp-json\/wp\/v2\/pages\/908","targetHints":{"allow":["GET"]}}],"collection":[{"href":"https:\/\/dab.solutions\/es\/wp-json\/wp\/v2\/pages"}],"about":[{"href":"https:\/\/dab.solutions\/es\/wp-json\/wp\/v2\/types\/page"}],"author":[{"embeddable":true,"href":"https:\/\/dab.solutions\/es\/wp-json\/wp\/v2\/users\/2"}],"replies":[{"embeddable":true,"href":"https:\/\/dab.solutions\/es\/wp-json\/wp\/v2\/comments?post=908"}],"version-history":[{"count":5,"href":"https:\/\/dab.solutions\/es\/wp-json\/wp\/v2\/pages\/908\/revisions"}],"predecessor-version":[{"id":1417,"href":"https:\/\/dab.solutions\/es\/wp-json\/wp\/v2\/pages\/908\/revisions\/1417"}],"wp:attachment":[{"href":"https:\/\/dab.solutions\/es\/wp-json\/wp\/v2\/media?parent=908"}],"curies":[{"name":"wp","href":"https:\/\/api.w.org\/{rel}","templated":true}]}}