{"id":447,"date":"2024-02-04T18:51:21","date_gmt":"2024-02-04T18:51:21","guid":{"rendered":"https:\/\/dab.solutions\/?page_id=447"},"modified":"2024-03-06T12:38:51","modified_gmt":"2024-03-06T12:38:51","slug":"audits","status":"publish","type":"page","link":"https:\/\/dab.solutions\/es\/audits\/","title":{"rendered":"Auditoria"},"content":{"rendered":"<div class=\"section-wrapper\" data-id=\"xNAxIu\"><section class=\"wp-block-gutenverse-section guten-element guten-section guten-xNAxIu hide-mobile layout-fullwidth align-stretch\"><div class=\"guten-background-overlay\"><\/div><div class=\"guten-shape-divider guten-shape-divider-top\"><\/div><div class=\"guten-shape-divider guten-shape-divider-bottom\"><\/div><div class=\"guten-container guten-column-gap-default\">\n<div class=\"wp-block-gutenverse-column guten-element guten-column guten-tnkwSt animated guten-element-hide desktop-fadeInDown\"><div class=\"guten-background-overlay\"><\/div><div class=\"sticky-wrapper\" data-id=\"tnkwSt\"><div class=\"guten-column-wrapper\">\n<div class=\"guten-element guten-zBy7wB guten-icon-box icon-position-undefined\"><div class=\"guten-icon-box-wrapper hover-from-left\"><div class=\"icon-box icon-box-header\"><div class=\"icon style-color\"><i class=\"gtn gtn-design-light\"><\/i><\/div><\/div><div class=\"icon-box icon-box-body\"><h2 class=\"title\">Auditoria<\/h2><p class=\"icon-box-description\">Mejore la seguridad de su organizaci\u00f3n mediante auditor\u00edas exhaustivas que abarcan los controles de acceso, la gesti\u00f3n de parches y los mecanismos de autenticaci\u00f3n para una visi\u00f3n completa de los riesgos.<\/p><\/div><\/div><\/div>\n<\/div><\/div><\/div>\n<\/div><\/section><\/div>\n\n\n\n<div class=\"section-wrapper\" data-id=\"WN7wtY\"><section class=\"wp-block-gutenverse-section guten-element guten-section guten-WN7wtY hide-desktop layout-fullwidth align-stretch\"><div class=\"guten-background-overlay\"><\/div><div class=\"guten-shape-divider guten-shape-divider-top\"><\/div><div class=\"guten-shape-divider guten-shape-divider-bottom\"><\/div><div class=\"guten-container guten-column-gap-default\">\n<div class=\"wp-block-gutenverse-column guten-element guten-column guten-2n4pjx animated guten-element-hide desktop-fadeInDown\"><div class=\"guten-background-overlay\"><\/div><div class=\"sticky-wrapper\" data-id=\"2n4pjx\"><div class=\"guten-column-wrapper\">\n<div class=\"guten-element guten-OS8bvx guten-icon-box icon-position-undefined\"><div class=\"guten-icon-box-wrapper hover-from-left\"><div class=\"icon-box icon-box-header\"><div class=\"icon style-color\"><i class=\"gtn gtn-design-light\"><\/i><\/div><\/div><div class=\"icon-box icon-box-body\"><h2 class=\"title\">Auditoria<\/h2><p class=\"icon-box-description\">Mejore la seguridad de su organizaci\u00f3n mediante auditor\u00edas exhaustivas que abarcan los controles de acceso, la gesti\u00f3n de parches y los mecanismos de autenticaci\u00f3n para una visi\u00f3n completa de los riesgos.<\/p><\/div><\/div><\/div>\n<\/div><\/div><\/div>\n<\/div><\/section><\/div>\n\n\n\n<div class=\"section-wrapper\" data-id=\"9yKEFd\"><section class=\"wp-block-gutenverse-section guten-element guten-section guten-9yKEFd layout-boxed align-stretch\"><div class=\"guten-background-overlay\"><\/div><div class=\"guten-shape-divider guten-shape-divider-top\"><\/div><div class=\"guten-shape-divider guten-shape-divider-bottom\"><\/div><div class=\"guten-container guten-column-gap-default\">\n<div class=\"wp-block-gutenverse-column guten-element guten-column guten-IJW89v\"><div class=\"guten-background-overlay\"><\/div><div class=\"sticky-wrapper\" data-id=\"IJW89v\"><div class=\"guten-column-wrapper\">\n<h2 class=\"wp-block-gutenverse-heading guten-element guten-LHmpk3 animated guten-element-hide desktop-fadeInLeft\">Las lagunas en los controles de seguridad y las malas pr\u00e1cticas cuestan a las empresas millones al a\u00f1o en fallos de seguridad y problemas de cumplimiento de la normativa.<\/h2>\n\n\n\n<h2 class=\"wp-block-gutenverse-heading guten-element guten-Z0YST8 animated guten-element-hide desktop-fadeInLeft\">1 de cada 10 peque\u00f1as empresas sufre un ciberataque cada a\u00f1o<\/h2>\n\n\n\n<h2 class=\"wp-block-gutenverse-heading guten-element guten-pqiWwD animated guten-element-hide desktop-fadeInLeft\">46% of all cyber breaches are done on companies with fewer than 1,000 employees<\/h2>\n<\/div><\/div><\/div>\n<\/div><\/section><\/div>\n\n\n\n<div class=\"guten-element gutenverse-text-editor guten-57r1rl\"><div class=\"text-content-inner\">\n<div class=\"guten-element gutenverse-text-editor guten-MWIkUC\"><div class=\"text-content-inner\">\n<div class=\"guten-element gutenverse-text-editor guten-Vx5XXy\"><div class=\"text-content-inner\">\n<p class=\"has-text-align-center\" style=\"font-size:28px\">Una auditor\u00eda de riesgos proporciona una evaluaci\u00f3n sistem\u00e1tica y proactiva de las vulnerabilidades y amenazas potenciales para garantizar una defensa resistente contra los riesgos cibern\u00e9ticos en evoluci\u00f3n.<\/p>\n<\/div><\/div>\n<\/div><\/div>\n<\/div><\/div>\n\n\n\n<div class=\"section-wrapper\" data-id=\"Px6fR6\"><section class=\"wp-block-gutenverse-section guten-element guten-section guten-Px6fR6 animated guten-element-hide desktop-fadeInLeft hide-mobile layout-boxed align-stretch\"><div class=\"guten-background-overlay\"><\/div><div class=\"guten-shape-divider guten-shape-divider-top\"><\/div><div class=\"guten-shape-divider guten-shape-divider-bottom\"><\/div><div class=\"guten-container guten-column-gap-default\">\n<div class=\"wp-block-gutenverse-column guten-element guten-column guten-14g6HI\"><div class=\"guten-background-overlay\"><\/div><div class=\"sticky-wrapper\" data-id=\"14g6HI\"><div class=\"guten-column-wrapper\">\n<div class=\"section-wrapper\" data-id=\"BiJCeZ\"><section class=\"wp-block-gutenverse-section guten-element guten-section guten-BiJCeZ layout-boxed align-stretch\"><div class=\"guten-background-overlay\"><\/div><div class=\"guten-shape-divider guten-shape-divider-top\"><\/div><div class=\"guten-shape-divider guten-shape-divider-bottom\"><\/div><div class=\"guten-container guten-column-gap-default\">\n<div class=\"wp-block-gutenverse-column guten-element guten-column guten-TeyuFk\"><div class=\"guten-background-overlay\"><\/div><div class=\"sticky-wrapper\" data-id=\"TeyuFk\"><div class=\"guten-column-wrapper\">\n<h2 class=\"wp-block-gutenverse-heading guten-element guten-BIneMP\">Nuestros Expertos<\/h2>\n\n\n\n<p>Nuestros auditores expertos llevan a cabo evaluaciones exhaustivas para clasificar y analizar todos los activos, realizando an\u00e1lisis de deficiencias en relaci\u00f3n con las mejores pr\u00e1cticas y normas internacionales. Nuestro enfoque personalizado no pasa por alto ning\u00fan aspecto del panorama de riesgos de su organizaci\u00f3n.<br><br>En colaboraci\u00f3n con su equipo, personalizamos nuestra auditor\u00eda para adaptarla a su entorno empresarial \u00fanico, garantizando una evaluaci\u00f3n hol\u00edstica de las amenazas potenciales.<br><br>M\u00e1s all\u00e1 de la mitigaci\u00f3n, nuestro servicio proporciona informaci\u00f3n pr\u00e1ctica derivada del an\u00e1lisis de carencias, que ayuda a tomar decisiones informadas, a la planificaci\u00f3n estrat\u00e9gica y a la asignaci\u00f3n de recursos.<\/p>\n<\/div><\/div><\/div>\n\n\n\n<div class=\"wp-block-gutenverse-column guten-element guten-column guten-zFfIfx\"><div class=\"guten-background-overlay\"><\/div><div class=\"sticky-wrapper\" data-id=\"zFfIfx\"><div class=\"guten-column-wrapper\">\n<div class=\"wp-block-gutenverse-image guten-element guten-image guten-t3ZSa1\"><a class=\"guten-image-wrapper\"><img decoding=\"async\" class=\"gutenverse-image-box-filled\" src=\"https:\/\/dab.solutions\/wp-content\/uploads\/2024\/02\/iStock-1489403609.jpg\" height=\"1055\" width=\"2000\"\/><\/a><\/div>\n<\/div><\/div><\/div>\n<\/div><\/section><\/div>\n<\/div><\/div><\/div>\n<\/div><\/section><\/div>\n\n\n\n<div class=\"wp-block-group is-layout-constrained wp-block-group-is-layout-constrained\">\n<div class=\"section-wrapper\" data-id=\"aDGM1l\"><section class=\"wp-block-gutenverse-section guten-element guten-section guten-aDGM1l hide-desktop layout-boxed align-stretch\"><div class=\"guten-background-overlay\"><\/div><div class=\"guten-shape-divider guten-shape-divider-top\"><\/div><div class=\"guten-shape-divider guten-shape-divider-bottom\"><\/div><div class=\"guten-container guten-column-gap-default\">\n<div class=\"wp-block-gutenverse-column guten-element guten-column guten-wDmPdE\"><div class=\"guten-background-overlay\"><\/div><div class=\"sticky-wrapper\" data-id=\"wDmPdE\"><div class=\"guten-column-wrapper\">\n<h2 class=\"wp-block-gutenverse-heading guten-element guten-j9GUQZ\">Nuestros Expertos<\/h2>\n\n\n\n<p>Nuestros auditores expertos llevan a cabo evaluaciones exhaustivas para clasificar y analizar todos los activos, realizando an\u00e1lisis de deficiencias en relaci\u00f3n con las mejores pr\u00e1cticas y normas internacionales. Nuestro enfoque personalizado no pasa por alto ning\u00fan aspecto del panorama de riesgos de su organizaci\u00f3n. En colaboraci\u00f3n con su equipo, personalizamos nuestra auditor\u00eda para adaptarla a su entorno empresarial \u00fanico, garantizando una evaluaci\u00f3n hol\u00edstica de las amenazas potenciales. M\u00e1s all\u00e1 de la mitigaci\u00f3n, nuestro servicio proporciona informaci\u00f3n pr\u00e1ctica derivada del an\u00e1lisis de deficiencias, lo que contribuye a la toma de decisiones informadas, la planificaci\u00f3n estrat\u00e9gica y la asignaci\u00f3n de recursos.<\/p>\n<\/div><\/div><\/div>\n<\/div><\/section><\/div>\n\n\n\n<div class=\"section-wrapper\" data-id=\"bGxbhG\"><section class=\"wp-block-gutenverse-section guten-element guten-section guten-bGxbhG hide-desktop layout-boxed align-stretch\"><div class=\"guten-background-overlay\"><\/div><div class=\"guten-shape-divider guten-shape-divider-top\"><\/div><div class=\"guten-shape-divider guten-shape-divider-bottom\"><\/div><div class=\"guten-container guten-column-gap-default\">\n<div class=\"wp-block-gutenverse-column guten-element guten-column guten-c9zlul\"><div class=\"guten-background-overlay\"><\/div><div class=\"sticky-wrapper\" data-id=\"c9zlul\"><div class=\"guten-column-wrapper\">\n<div class=\"wp-block-gutenverse-image guten-element guten-image guten-B5LABE\"><a class=\"guten-image-wrapper\"><img decoding=\"async\" class=\"gutenverse-image-box-filled\" src=\"https:\/\/dab.solutions\/wp-content\/uploads\/2024\/02\/iStock-1489403609.jpg\" height=\"1055\" width=\"2000\"\/><\/a><\/div>\n<\/div><\/div><\/div>\n<\/div><\/section><\/div>\n<\/div>\n\n\n\n<div class=\"section-wrapper\" data-id=\"Jt4DMX\"><section class=\"wp-block-gutenverse-section guten-element guten-section guten-Jt4DMX animated guten-element-hide desktop-fadeInDown layout-boxed align-stretch\"><div class=\"guten-background-overlay\"><\/div><div class=\"guten-shape-divider guten-shape-divider-top\"><\/div><div class=\"guten-shape-divider guten-shape-divider-bottom\"><\/div><div class=\"guten-container guten-column-gap-default\">\n<div class=\"wp-block-gutenverse-column guten-element guten-column guten-aBl5KQ\"><div class=\"guten-background-overlay\"><\/div><div class=\"sticky-wrapper\" data-id=\"aBl5KQ\"><div class=\"guten-column-wrapper\">\n<h2 class=\"wp-block-heading is-style-lineseparator has-heading-2-font-size\">Servicios<\/h2>\n\n\n\n<div class=\"section-wrapper\" data-id=\"LoTi0C\"><section class=\"wp-block-gutenverse-section guten-element guten-section guten-LoTi0C layout-boxed align-stretch\"><div class=\"guten-background-overlay\"><\/div><div class=\"guten-shape-divider guten-shape-divider-top\"><\/div><div class=\"guten-shape-divider guten-shape-divider-bottom\"><\/div><div class=\"guten-container guten-column-gap-default\">\n<div class=\"wp-block-gutenverse-column guten-element guten-column guten-nKBgnm\"><div class=\"guten-background-overlay\"><\/div><div class=\"sticky-wrapper\" data-id=\"nKBgnm\"><div class=\"guten-column-wrapper\">\n<h2 class=\"wp-block-heading has-zeever-secondary-color has-text-color has-link-color has-tiny-font-size wp-elements-3c725f81e862d60fbe9f20584246c169\"><strong>NUESTROS SERVICIOS DE UN VISTAZO<\/strong><\/h2>\n<\/div><\/div><\/div>\n<\/div><\/section><\/div>\n<\/div><\/div><\/div>\n<\/div><\/section><\/div>\n\n\n\n<div class=\"section-wrapper\" data-id=\"XdHINL\"><section class=\"wp-block-gutenverse-section guten-element guten-section guten-XdHINL layout-boxed align-stretch\"><div class=\"guten-background-overlay\"><\/div><div class=\"guten-shape-divider guten-shape-divider-top\"><\/div><div class=\"guten-shape-divider guten-shape-divider-bottom\"><\/div><div class=\"guten-container guten-column-gap-default\">\n<div class=\"wp-block-gutenverse-column guten-element guten-column guten-BnVl4n\"><div class=\"guten-background-overlay\"><\/div><div class=\"sticky-wrapper\" data-id=\"BnVl4n\"><div class=\"guten-column-wrapper\">\n<div class=\"guten-element guten-W8U9IQ animated guten-element-hide desktop-fadeInDown guten-icon-box icon-position-undefined\"><div class=\"guten-icon-box-wrapper hover-from-right\"><div class=\"icon-box icon-box-header\"><div class=\"icon style-color\"><i class=\"gtn gtn-monitor-line\"><\/i><\/div><\/div><div class=\"icon-box icon-box-body\"><h2 class=\"title\">Visibilidad<\/h2><p class=\"icon-box-description\">Obtenga visibilidad sobre d\u00f3nde se almacenan sus datos, c\u00f3mo se almacenan y qu\u00e9 controles de seguridad se aplican. Todos los aspectos de seguridad se analizan y comparan con las normas internacionales.<\/p><\/div><\/div><\/div>\n<\/div><\/div><\/div>\n\n\n\n<div class=\"wp-block-gutenverse-column guten-element guten-column guten-vKWRfv\"><div class=\"guten-background-overlay\"><\/div><div class=\"sticky-wrapper\" data-id=\"vKWRfv\"><div class=\"guten-column-wrapper\">\n<div class=\"guten-element guten-9M8z3e animated guten-element-hide desktop-fadeInDown guten-icon-box icon-position-undefined\"><div class=\"guten-icon-box-wrapper hover-from-left\"><div class=\"icon-box icon-box-header\"><div class=\"icon style-color\"><i class=\"fas fa-cog\"><\/i><\/div><\/div><div class=\"icon-box icon-box-body\"><h2 class=\"title\">Nivel de riesgo actual<\/h2><p class=\"icon-box-description\">Con la visibilidad viene una clara comprensi\u00f3n del nivel de riesgo actual. El conocimiento es crucial para priorizar las inversiones en las \u00e1reas m\u00e1s cr\u00edticas para la empresa<\/p><\/div><\/div><\/div>\n<\/div><\/div><\/div>\n\n\n\n<div class=\"wp-block-gutenverse-column guten-element guten-column guten-D1wM8G\"><div class=\"guten-background-overlay\"><\/div><div class=\"sticky-wrapper\" data-id=\"D1wM8G\"><div class=\"guten-column-wrapper\">\n<div class=\"guten-element guten-7kysoe animated guten-element-hide desktop-fadeInDown guten-icon-box icon-position-undefined\"><div class=\"guten-icon-box-wrapper hover-from-left\"><div class=\"icon-box icon-box-header\"><div class=\"icon style-color\"><i class=\"far fa-sticky-note\"><\/i><\/div><\/div><div class=\"icon-box icon-box-body\"><h2 class=\"title\">Estrategia de mejora<\/h2><p class=\"icon-box-description\">Un plan de inversiones estrat\u00e9gicas le ayudar\u00e1 a priorizar y optimizar los recursos s\u00f3lo en los riesgos que realmente importan<\/p><\/div><\/div><\/div>\n<\/div><\/div><\/div>\n<\/div><\/section><\/div>\n\n\n\n<div class=\"wp-block-cover\"><span aria-hidden=\"true\" class=\"wp-block-cover__background has-background-dim\"><\/span><img decoding=\"async\" width=\"2000\" height=\"774\" class=\"wp-block-cover__image-background wp-image-865\" alt=\"\" src=\"https:\/\/dab.solutions\/wp-content\/uploads\/2024\/02\/iStock-1368237800-1.jpg\" data-object-fit=\"cover\" srcset=\"https:\/\/dab.solutions\/wp-content\/uploads\/2024\/02\/iStock-1368237800-1.jpg 2000w, https:\/\/dab.solutions\/wp-content\/uploads\/2024\/02\/iStock-1368237800-1-300x116.jpg 300w, https:\/\/dab.solutions\/wp-content\/uploads\/2024\/02\/iStock-1368237800-1-1024x396.jpg 1024w, https:\/\/dab.solutions\/wp-content\/uploads\/2024\/02\/iStock-1368237800-1-768x297.jpg 768w, https:\/\/dab.solutions\/wp-content\/uploads\/2024\/02\/iStock-1368237800-1-1536x594.jpg 1536w, https:\/\/dab.solutions\/wp-content\/uploads\/2024\/02\/iStock-1368237800-1-18x7.jpg 18w, https:\/\/dab.solutions\/wp-content\/uploads\/2024\/02\/iStock-1368237800-1-500x194.jpg 500w, https:\/\/dab.solutions\/wp-content\/uploads\/2024\/02\/iStock-1368237800-1-800x310.jpg 800w, https:\/\/dab.solutions\/wp-content\/uploads\/2024\/02\/iStock-1368237800-1-1280x495.jpg 1280w, https:\/\/dab.solutions\/wp-content\/uploads\/2024\/02\/iStock-1368237800-1-1920x743.jpg 1920w\" sizes=\"(max-width: 2000px) 100vw, 2000px\" \/><div class=\"wp-block-cover__inner-container is-layout-constrained wp-block-cover-is-layout-constrained\">\n<p class=\"has-text-align-center has-extra-large-font-size\">\u00bfEst\u00e1 preparado para trabajar con nosotros?<\/p>\n\n\n\n<div class=\"guten-element guten-button-wrapper guten-JRO7n6\"><a class=\"guten-button guten-button-sm\" href=\"https:\/\/dab.solutions\/es\/contact-us\/\"><span>Cont\u00e1ctenos<\/span><\/a><\/div>\n<\/div><\/div>","protected":false},"excerpt":{"rendered":"","protected":false},"author":1,"featured_media":0,"parent":0,"menu_order":0,"comment_status":"closed","ping_status":"closed","template":"","meta":{"_eb_attr":"","footnotes":""},"class_list":["post-447","page","type-page","status-publish","hentry"],"yoast_head":"<!-- This site is optimized with the Yoast SEO plugin v27.4 - https:\/\/yoast.com\/product\/yoast-seo-wordpress\/ -->\n<title>Audits<\/title>\n<meta name=\"description\" content=\"Enhance your organisation&#039;s security posture through comprehensive audits covering access controls, patch management, and authentication.\" \/>\n<meta name=\"robots\" content=\"index, follow, max-snippet:-1, max-image-preview:large, max-video-preview:-1\" \/>\n<link rel=\"canonical\" href=\"https:\/\/dab.solutions\/es\/audits\/\" \/>\n<meta property=\"og:locale\" content=\"es_ES\" \/>\n<meta property=\"og:type\" content=\"article\" \/>\n<meta property=\"og:title\" content=\"Audits\" \/>\n<meta property=\"og:description\" content=\"Enhance your organisation&#039;s security posture through comprehensive audits covering access controls, patch management, and authentication.\" \/>\n<meta property=\"og:url\" content=\"https:\/\/dab.solutions\/es\/audits\/\" \/>\n<meta property=\"og:site_name\" content=\"Dab Tech Solutions Consulting\" \/>\n<meta property=\"article:modified_time\" content=\"2024-03-06T12:38:51+00:00\" \/>\n<meta property=\"og:image\" content=\"https:\/\/dab.solutions\/wp-content\/uploads\/2024\/02\/iStock-1489403609.jpg\" \/>\n<meta name=\"twitter:card\" content=\"summary_large_image\" \/>\n<meta name=\"twitter:label1\" content=\"Tiempo de lectura\" \/>\n\t<meta name=\"twitter:data1\" content=\"4 minutos\" \/>\n<script type=\"application\/ld+json\" class=\"yoast-schema-graph\">{\"@context\":\"https:\\\/\\\/schema.org\",\"@graph\":[{\"@type\":\"WebPage\",\"@id\":\"https:\\\/\\\/dab.solutions\\\/audits\\\/\",\"url\":\"https:\\\/\\\/dab.solutions\\\/audits\\\/\",\"name\":\"Audits\",\"isPartOf\":{\"@id\":\"https:\\\/\\\/dab.solutions\\\/#website\"},\"primaryImageOfPage\":{\"@id\":\"https:\\\/\\\/dab.solutions\\\/audits\\\/#primaryimage\"},\"image\":{\"@id\":\"https:\\\/\\\/dab.solutions\\\/audits\\\/#primaryimage\"},\"thumbnailUrl\":\"https:\\\/\\\/dab.solutions\\\/wp-content\\\/uploads\\\/2024\\\/02\\\/iStock-1489403609.jpg\",\"datePublished\":\"2024-02-04T18:51:21+00:00\",\"dateModified\":\"2024-03-06T12:38:51+00:00\",\"description\":\"Enhance your organisation's security posture through comprehensive audits covering access controls, patch management, and authentication.\",\"inLanguage\":\"es\",\"potentialAction\":[{\"@type\":\"ReadAction\",\"target\":[\"https:\\\/\\\/dab.solutions\\\/audits\\\/\"]}]},{\"@type\":\"ImageObject\",\"inLanguage\":\"es\",\"@id\":\"https:\\\/\\\/dab.solutions\\\/audits\\\/#primaryimage\",\"url\":\"https:\\\/\\\/dab.solutions\\\/wp-content\\\/uploads\\\/2024\\\/02\\\/iStock-1489403609.jpg\",\"contentUrl\":\"https:\\\/\\\/dab.solutions\\\/wp-content\\\/uploads\\\/2024\\\/02\\\/iStock-1489403609.jpg\"},{\"@type\":\"WebSite\",\"@id\":\"https:\\\/\\\/dab.solutions\\\/#website\",\"url\":\"https:\\\/\\\/dab.solutions\\\/\",\"name\":\"Dab Tech Solutions Consulting\",\"description\":\"Dab Tech Solutions Consulting\",\"publisher\":{\"@id\":\"https:\\\/\\\/dab.solutions\\\/#organization\"},\"potentialAction\":[{\"@type\":\"SearchAction\",\"target\":{\"@type\":\"EntryPoint\",\"urlTemplate\":\"https:\\\/\\\/dab.solutions\\\/?s={search_term_string}\"},\"query-input\":{\"@type\":\"PropertyValueSpecification\",\"valueRequired\":true,\"valueName\":\"search_term_string\"}}],\"inLanguage\":\"es\"},{\"@type\":\"Organization\",\"@id\":\"https:\\\/\\\/dab.solutions\\\/#organization\",\"name\":\"Dab Tech Solutions S.L.\",\"url\":\"https:\\\/\\\/dab.solutions\\\/\",\"logo\":{\"@type\":\"ImageObject\",\"inLanguage\":\"es\",\"@id\":\"https:\\\/\\\/dab.solutions\\\/#\\\/schema\\\/logo\\\/image\\\/\",\"url\":\"https:\\\/\\\/dab.solutions\\\/wp-content\\\/uploads\\\/2023\\\/12\\\/logosolo.png\",\"contentUrl\":\"https:\\\/\\\/dab.solutions\\\/wp-content\\\/uploads\\\/2023\\\/12\\\/logosolo.png\",\"width\":698,\"height\":654,\"caption\":\"Dab Tech Solutions S.L.\"},\"image\":{\"@id\":\"https:\\\/\\\/dab.solutions\\\/#\\\/schema\\\/logo\\\/image\\\/\"}}]}<\/script>\n<!-- \/ Yoast SEO plugin. -->","yoast_head_json":{"title":"Auditoria","description":"Enhance your organisation's security posture through comprehensive audits covering access controls, patch management, and authentication.","robots":{"index":"index","follow":"follow","max-snippet":"max-snippet:-1","max-image-preview":"max-image-preview:large","max-video-preview":"max-video-preview:-1"},"canonical":"https:\/\/dab.solutions\/es\/audits\/","og_locale":"es_ES","og_type":"article","og_title":"Audits","og_description":"Enhance your organisation's security posture through comprehensive audits covering access controls, patch management, and authentication.","og_url":"https:\/\/dab.solutions\/es\/audits\/","og_site_name":"Dab Tech Solutions Consulting","article_modified_time":"2024-03-06T12:38:51+00:00","og_image":[{"url":"https:\/\/dab.solutions\/wp-content\/uploads\/2024\/02\/iStock-1489403609.jpg","type":"","width":"","height":""}],"twitter_card":"summary_large_image","twitter_misc":{"Tiempo de lectura":"4 minutos"},"schema":{"@context":"https:\/\/schema.org","@graph":[{"@type":"WebPage","@id":"https:\/\/dab.solutions\/audits\/","url":"https:\/\/dab.solutions\/audits\/","name":"Auditoria","isPartOf":{"@id":"https:\/\/dab.solutions\/#website"},"primaryImageOfPage":{"@id":"https:\/\/dab.solutions\/audits\/#primaryimage"},"image":{"@id":"https:\/\/dab.solutions\/audits\/#primaryimage"},"thumbnailUrl":"https:\/\/dab.solutions\/wp-content\/uploads\/2024\/02\/iStock-1489403609.jpg","datePublished":"2024-02-04T18:51:21+00:00","dateModified":"2024-03-06T12:38:51+00:00","description":"Enhance your organisation's security posture through comprehensive audits covering access controls, patch management, and authentication.","inLanguage":"es","potentialAction":[{"@type":"ReadAction","target":["https:\/\/dab.solutions\/audits\/"]}]},{"@type":"ImageObject","inLanguage":"es","@id":"https:\/\/dab.solutions\/audits\/#primaryimage","url":"https:\/\/dab.solutions\/wp-content\/uploads\/2024\/02\/iStock-1489403609.jpg","contentUrl":"https:\/\/dab.solutions\/wp-content\/uploads\/2024\/02\/iStock-1489403609.jpg"},{"@type":"WebSite","@id":"https:\/\/dab.solutions\/#website","url":"https:\/\/dab.solutions\/","name":"Dab Tech Solutions Consulting","description":"Dab Tech Solutions Consulting","publisher":{"@id":"https:\/\/dab.solutions\/#organization"},"potentialAction":[{"@type":"SearchAction","target":{"@type":"EntryPoint","urlTemplate":"https:\/\/dab.solutions\/?s={search_term_string}"},"query-input":{"@type":"PropertyValueSpecification","valueRequired":true,"valueName":"search_term_string"}}],"inLanguage":"es"},{"@type":"Organization","@id":"https:\/\/dab.solutions\/#organization","name":"Dab Tech Solutions S.L.","url":"https:\/\/dab.solutions\/","logo":{"@type":"ImageObject","inLanguage":"es","@id":"https:\/\/dab.solutions\/#\/schema\/logo\/image\/","url":"https:\/\/dab.solutions\/wp-content\/uploads\/2023\/12\/logosolo.png","contentUrl":"https:\/\/dab.solutions\/wp-content\/uploads\/2023\/12\/logosolo.png","width":698,"height":654,"caption":"Dab Tech Solutions S.L."},"image":{"@id":"https:\/\/dab.solutions\/#\/schema\/logo\/image\/"}}]}},"_links":{"self":[{"href":"https:\/\/dab.solutions\/es\/wp-json\/wp\/v2\/pages\/447","targetHints":{"allow":["GET"]}}],"collection":[{"href":"https:\/\/dab.solutions\/es\/wp-json\/wp\/v2\/pages"}],"about":[{"href":"https:\/\/dab.solutions\/es\/wp-json\/wp\/v2\/types\/page"}],"author":[{"embeddable":true,"href":"https:\/\/dab.solutions\/es\/wp-json\/wp\/v2\/users\/1"}],"replies":[{"embeddable":true,"href":"https:\/\/dab.solutions\/es\/wp-json\/wp\/v2\/comments?post=447"}],"version-history":[{"count":4,"href":"https:\/\/dab.solutions\/es\/wp-json\/wp\/v2\/pages\/447\/revisions"}],"predecessor-version":[{"id":1340,"href":"https:\/\/dab.solutions\/es\/wp-json\/wp\/v2\/pages\/447\/revisions\/1340"}],"wp:attachment":[{"href":"https:\/\/dab.solutions\/es\/wp-json\/wp\/v2\/media?parent=447"}],"curies":[{"name":"wp","href":"https:\/\/api.w.org\/{rel}","templated":true}]}}